{"id":911,"date":"2017-11-28T09:59:30","date_gmt":"2017-11-28T08:59:30","guid":{"rendered":"http:\/\/kontakte-kontakty.de\/?page_id=911"},"modified":"2017-12-04T11:09:14","modified_gmt":"2017-12-04T10:09:14","slug":"toxizitaet-giftigkeit","status":"publish","type":"page","link":"https:\/\/kontakte-kontakty.de\/ru\/toxizitaet-giftigkeit\/","title":{"rendered":"Toxizit\u00e4t = Giftigkeit"},"content":{"rendered":"<p>Zytostatika sind zytotoxische, \u201ezellsch\u00e4digende\u201c Substanzen, die das Zellwachstum, bzw. die Zellteilung hemmen. Sie werden bei der Krebsbehandlung in der Chemotherapie eingesetzt. Zytostatika k\u00f6nnen das physische und psychische Allgemeinbefinden der Patienten ganz erheblich beeintr\u00e4chtigen. Unter den lebensbedrohlichen Komplikationen einer Therapie mit Zytostatika stehen Infektionen an erster Stelle, weil das Immunsystem der Patienten geschw\u00e4cht wird. Daher erweisen wir den Hygienema\u00dfnahmen in unseren russischen Partnerkliniken gr\u00f6\u00dfte Aufmerksamkeit.<\/p>\n<p>Zytostatika sind in der Krebsbehandlung bis heute unverzichtbaren Wirkstoffe. Notwendig ist eine engmaschige Therapiekontrolle und ein im Rahmen der multizentrischen Studie abgestimmter Einsatz und die Dosierung verschiedener Wirkstoffe. In der westlichen Medizin steht eine gro\u00dfe Bandbreite an Antibiotika und anderen Mitteln zur Verf\u00fcgung, die Nebenwirkungen der Chemotherapie eind\u00e4mmen oder verhindern. Ihr Einsatz ist ein bedeutender Kostenfaktor in der Intensivmedizin. Arme L\u00e4nder oder jene, die nur geringe staatliche Mittel f\u00fcr die Entwicklung des Gesundheitswesens erhalten, k\u00f6nnen sich diese Intensivmedizin kaum leisten. Das Moskau-Berlin-Protokoll erreicht durch die reduzierte Verwendung toxischer Stoffe geringere Nebenwirkungen und damit geringere Behandlungskosten.<\/p>\n<p><a href=\"https:\/\/kontakte-kontakty.de\/das-moskau-berlin-protokoll-all-mb\/\">zur\u00fcck<\/a><\/p>\n","protected":false},"excerpt":{"rendered":"<p>Zytostatika sind zytotoxische, \u201ezellsch\u00e4digende\u201c Substanzen, die das Zellwachstum, bzw. die Zellteilung hemmen. Sie werden bei der Krebsbehandlung in der Chemotherapie eingesetzt. Zytostatika k\u00f6nnen das physische und psychische Allgemeinbefinden der Patienten ganz erheblich beeintr\u00e4chtigen. Unter den lebensbedrohlichen Komplikationen einer Therapie mit Zytostatika stehen Infektionen an erster Stelle, weil das Immunsystem der Patienten geschw\u00e4cht wird. Daher erweisen&#8230;<\/p>\n","protected":false},"author":5,"featured_media":0,"parent":0,"menu_order":0,"comment_status":"closed","ping_status":"closed","template":"","meta":{"_coblocks_attr":"","_coblocks_dimensions":"","_coblocks_responsive_height":"","_coblocks_accordion_ie_support":"","_uag_custom_page_level_css":"","footnotes":""},"class_list":["post-911","page","type-page","status-publish","hentry"],"translation":{"provider":"WPGlobus","version":"3.0.2","language":"ru","enabled_languages":["de","ru"],"languages":{"de":{"title":true,"content":true,"excerpt":false},"ru":{"title":false,"content":false,"excerpt":false}}},"uagb_featured_image_src":{"full":false,"thumbnail":false,"medium":false,"medium_large":false,"large":false,"1536x1536":false,"2048x2048":false,"post-thumbnail":false,"graphy-post-thumbnail-large":false,"graphy-post-thumbnail-medium":false,"graphy-post-thumbnail-small":false,"graphy-page-thumbnail":false},"uagb_author_info":{"display_name":"KS","author_link":"https:\/\/kontakte-kontakty.de\/ru\/author\/kntktbrln999\/"},"uagb_comment_info":0,"uagb_excerpt":"Zytostatika sind zytotoxische, \u201ezellsch\u00e4digende\u201c Substanzen, die das Zellwachstum, bzw. die Zellteilung hemmen. Sie werden bei der Krebsbehandlung in der Chemotherapie eingesetzt. Zytostatika k\u00f6nnen das physische und psychische Allgemeinbefinden der Patienten ganz erheblich beeintr\u00e4chtigen. Unter den lebensbedrohlichen Komplikationen einer Therapie mit Zytostatika stehen Infektionen an erster Stelle, weil das Immunsystem der Patienten geschw\u00e4cht wird. Daher erweisen...","_links":{"self":[{"href":"https:\/\/kontakte-kontakty.de\/ru\/wp-json\/wp\/v2\/pages\/911","targetHints":{"allow":["GET"]}}],"collection":[{"href":"https:\/\/kontakte-kontakty.de\/ru\/wp-json\/wp\/v2\/pages"}],"about":[{"href":"https:\/\/kontakte-kontakty.de\/ru\/wp-json\/wp\/v2\/types\/page"}],"author":[{"embeddable":true,"href":"https:\/\/kontakte-kontakty.de\/ru\/wp-json\/wp\/v2\/users\/5"}],"replies":[{"embeddable":true,"href":"https:\/\/kontakte-kontakty.de\/ru\/wp-json\/wp\/v2\/comments?post=911"}],"version-history":[{"count":2,"href":"https:\/\/kontakte-kontakty.de\/ru\/wp-json\/wp\/v2\/pages\/911\/revisions"}],"predecessor-version":[{"id":915,"href":"https:\/\/kontakte-kontakty.de\/ru\/wp-json\/wp\/v2\/pages\/911\/revisions\/915"}],"wp:attachment":[{"href":"https:\/\/kontakte-kontakty.de\/ru\/wp-json\/wp\/v2\/media?parent=911"}],"curies":[{"name":"wp","href":"https:\/\/api.w.org\/{rel}","templated":true}]}}