{"id":68,"date":"2017-09-28T12:50:33","date_gmt":"2017-09-28T10:50:33","guid":{"rendered":"http:\/\/kontakte-kontakty.de\/?page_id=68"},"modified":"2024-10-08T11:41:54","modified_gmt":"2024-10-08T09:41:54","slug":"buergerengagement-fuer-ns-opfer","status":"publish","type":"page","link":"https:\/\/kontakte-kontakty.de\/ru\/buergerengagement-fuer-ns-opfer\/","title":{"rendered":"\u0413\u0440\u0430\u0436\u0434\u0430\u043d\u0441\u043a\u0430\u044f \u0430\u043a\u0442\u0438\u0432\u043d\u043e\u0441\u0442\u044c \u0434\u043b\u044f \u0437\u0430\u0431\u044b\u0442\u044b\u0445 \u0436\u0435\u0440\u0442\u0432 \u043d\u0430\u0446\u0438\u0437\u043c\u0430"},"content":{"rendered":"\n<p style=\"font-size:40px\">B\u00fcrgerengagement f\u00fcr vergessene NS-Opfer<\/p>\n\n\n\n<p>Seit dem 27. Januar 2004 rufen wir auf zum B\u00fcrger-Engagement f\u00fcr NS-Opfer, denen die Bundesstiftung \u201eErinnerung, Verantwortung und Zukunft\u201c keine oder nur sehr geringe Zuwendungen \u00fcbermitteln konnte. Dies sind:<\/p>\n\n\n\n<h2 class=\"wp-block-heading\"><strong>Sowjetische Kriegsgefangene<\/strong><\/h2>\n\n\n\n<div class=\"wp-block-columns is-layout-flex wp-container-core-columns-is-layout-9d6595d7 wp-block-columns-is-layout-flex\">\n<div class=\"wp-block-column is-layout-flow wp-block-column-is-layout-flow\">\n<p>Mit \u00fcber drei Millionen Toten z\u00e4hlen sowjetische Kriegsgefangene zur zweitgr\u00f6\u00dften Opfergruppe des Nationalsozialismus. Sie waren von Leistungen durch die Stiftung \u201eErinnerung, Verantwortung und Zukunft\u201c durch das Stiftungsgesetz explizit ausgeschlossen, erst 2015 beschloss der Bundestag eine humanit\u00e4re finanzielle Anerkennungsleistung des erlittenen Unrechts in H\u00f6he von 2500 \u20ac an \u00dcberlebende zu zahlen. Sie erreichte nur noch rund 1000 Menschen.<\/p>\n\n\n\n<p>KONTAKTE-KOHTAKTbI rief deshalb 2003 zum B\u00fcrger-Engagement auf und begann Spenden zu sammeln. 300 Euro haben 7403 ehemalige Krigesgefangene erhalten. Das Geld war vor allem eine symbolische Geste. Aber dazu versendeten wir einen Begleitbrief mit der Bitte um Verzeihung und um ihre Erinnerungen f\u00fcr die weitere Geschichtsschreibung. Seit dem Jahr 2004 schrieben wir 7500 solcher Briefe an ehemalige sowjetische Kriegsgefangene. Den Erstbriefen folgte oft eine Korrespondenz bis zu ihrem Tode, die regelm\u00e4\u00dfig ver\u00f6ffentlicht und f\u00fcr Forschung und Bildung genutzt wurde.<\/p>\n<\/div>\n\n\n\n<div class=\"wp-block-column is-layout-flow wp-block-column-is-layout-flow\">\n<figure class=\"wp-block-image size-full\"><img decoding=\"async\" width=\"450\" height=\"450\" src=\"https:\/\/kontakte-kontakty.de\/wp-content\/uploads\/2019\/07\/17-07-Arakel-Grigorjan2-preview.jpg\" alt=\"Arakel Grigorjan\" class=\"wp-image-2969\" srcset=\"https:\/\/kontakte-kontakty.de\/wp-content\/uploads\/2019\/07\/17-07-Arakel-Grigorjan2-preview.jpg 450w, https:\/\/kontakte-kontakty.de\/wp-content\/uploads\/2019\/07\/17-07-Arakel-Grigorjan2-preview-150x150.jpg 150w, https:\/\/kontakte-kontakty.de\/wp-content\/uploads\/2019\/07\/17-07-Arakel-Grigorjan2-preview-300x300.jpg 300w\" sizes=\"(max-width: 450px) 100vw, 450px\" \/><figcaption class=\"wp-element-caption\"><em>Arakel Grigorjan, Armenien<\/em><\/figcaption><\/figure>\n<\/div>\n<\/div>\n\n\n\n<p>Seit 2015 konzentrieren wir uns auf Nothilfen f\u00fcr diese heute hochbetagte NS-Opfergruppe in Form von Rollst\u00fchlen, H\u00f6rger\u00e4ten, medizinischer Betreuung in Notstandsgebieten wie etwa im Donezk-Gebiet oder im Kaukasus, die Bezahlung von Dauermedikation und auch Heizmaterial f\u00fcr den Winter.<\/p>\n\n\n\n<h2 class=\"wp-block-heading\"><strong>\u00dcberlebende der verbrannten D\u00f6rfer in Belarus<\/strong><\/h2>\n\n\n\n<div class=\"wp-block-columns is-layout-flex wp-container-core-columns-is-layout-9d6595d7 wp-block-columns-is-layout-flex\">\n<div class=\"wp-block-column is-layout-flow wp-block-column-is-layout-flow\">\n<p>Seit 2012 \u00fcbermitteln wir durch unsere Partner*innen in Minsk, die <em>Stiftung Verst\u00e4ndigung<\/em> und die <em>Belarussische Friedensstiftung<\/em>, Spenden als Geste der Anerkennung des erlittenen Unrechts an \u00dcberlebende der von den deutschen Besatzern verbrannten D\u00f6rfer in Belarus. W\u00e4hrend der deutschen Besatzungszeit 1941\u20131944 zerst\u00f6rte die Wehrmacht in Belarus 9200 Ortschaften. 5295 D\u00f6rfer wurden niedergebrannt unter dem Vorwand der Partisanenbek\u00e4mpfung.<\/p>\n\n\n\n<p>Die \u00dcberlebenden erhalten von uns einmalig 300 Euro und einen Brief.<\/p>\n\n\n\n<p>Bisher konnten wir an 3752 Menschen in den Gebieten Witebsk und Mogiljow Spendengelder \u00fcbermitteln (Stand Oktober 2024). Es warten jedoch noch viele weitere hunderte Menschen in den Gebieten Gomel und Minsk, die noch nichts erhalten konnten.<\/p>\n<\/div>\n\n\n\n<div class=\"wp-block-column is-layout-flow wp-block-column-is-layout-flow\"><div class=\"wp-block-image\">\n<figure class=\"aligncenter size-full is-resized\"><img decoding=\"async\" width=\"500\" height=\"667\" src=\"https:\/\/kontakte-kontakty.de\/wp-content\/uploads\/2019\/12\/Nowikowa-Anna.jpg\" alt=\"Anna Nowikowa, Belarus\" class=\"wp-image-3327\" style=\"width:282px;height:376px\" srcset=\"https:\/\/kontakte-kontakty.de\/wp-content\/uploads\/2019\/12\/Nowikowa-Anna.jpg 500w, https:\/\/kontakte-kontakty.de\/wp-content\/uploads\/2019\/12\/Nowikowa-Anna-225x300.jpg 225w\" sizes=\"(max-width: 500px) 100vw, 500px\" \/><figcaption class=\"wp-element-caption\"><em>Anna Nowikowa, Belarus<\/em><\/figcaption><\/figure><\/div><\/div>\n<\/div>\n\n\n\n<h2 class=\"wp-block-heading\"><strong>Ehemalige minderj\u00e4hrige H\u00e4ftlinge und Zwangsarbeiter*innen in der Ukraine<\/strong><\/h2>\n\n\n\n<p>Nicht nur Erwachsene waren w\u00e4hrend des Zweiten Weltkrieges von Ausbeutung durch das nationalsozialistische Zwangsarbeitssystem betroffen. Bis zu 1,5 Millionen Kinder und Jugendliche wurden allein oder zusammen mit den Eltern aus den L\u00e4ndern der ehemaligen Sowjetunion zur Zwangsarbeit nach Deutschland verschleppt und wuchsen in Lagern auf. Kinder ab sieben Jahren konnten zur Zwangsarbeit rekrutiert werden. Von den Kindern, die in Zwangsarbeiterlagern geboren wurden, \u00fcberlebten nur wenige. Andere minderj\u00e4hrige H\u00e4ftlinge gerieten infolge der m\u00f6rderischen Widerstandsbek\u00e4mpfung in deutsche Lager.<\/p>\n\n\n\n<p>Die vom Verein \u00fcbermittelten Spenden werden haupts\u00e4chlich f\u00fcr Medikamente und medizinische Behandlungen verwendet.<\/p>\n\n\n\n<h2 class=\"wp-block-heading\"><strong>Spenden f\u00fcr vergessene NS-Opfer<\/strong><\/h2>\n\n\n\n<p><strong>Spendenkonto: Berliner Volksbank<br>IBAN: DE 48 1009 0000 3065 5990 06<\/strong><br><strong>BIC: BEVODEBB<br>Kennwort: \u201eB\u00fcrger-Engagement\u201c<\/strong><\/p>\n\n\n\n<p>Die Spenden werden f\u00fcr alle Projekte des B\u00fcrgerengagements verwendet. Dies erm\u00f6glicht uns die Spenden da einzusetzen, wo der Bedarf gerade am gr\u00f6\u00dften ist. Wenn Sie f\u00fcr ein bestimmtes Projekt des B\u00fcrgerengagements spenden m\u00f6chten, nutzen Sie folgende Kennw\u00f6rter: \u201eKriegsgefangene\u201c, \u201eVerbrannte D\u00f6rfer\u201c, \u201eArmenienhilfe\u201c, &#8220;Minderj\u00e4hrige H\u00e4ftlinge in der Ukraine&#8221;.<\/p>\n\n\n\n<hr class=\"wp-block-separator has-alpha-channel-opacity is-style-wide\"\/>\n\n\n\n<h2 class=\"wp-block-heading\">Beitr\u00e4ge zum Thema &#8220;B\u00fcrgerengagement f\u00fcr vergessene NS-Opfer&#8221;<\/h2>\n\n\n<div class=\"wp-block-coblocks-posts is-style-horizontal\"><div class=\"wp-block-coblocks-posts__inner has-columns has-1-columns has-responsive-columns has-small-image has-square-image\"><div class=\"wp-block-coblocks-posts__item\"><div class=\"wp-block-coblocks-posts__content flex-start\"><a href=\"https:\/\/kontakte-kontakty.de\/ru\/zusammenarbeit-mit-dem-georgisch-ukrainischen-verein-drushba\/\" alt=\"Zusammenarbeit mit dem georgisch-ukrainischen Verein &#8220;Drushba&#8221;\">Zusammenarbeit mit dem georgisch-ukrainischen Verein &#8220;Drushba&#8221;<\/a><time datetime=\"\" class=\"wp-block-coblocks-posts__date\">16. July 2021<\/time><div class=\"wp-block-coblocks-posts__excerpt\">Am 16. Juli 2008 begann unsere Zusammenarbeit mit dem georgisch-ukrainischen Verein &quot;Drushba&quot; in Kutaisi\/Georgien. Seit dreizehn Jahren suchen Nugzar Andguladze und Larisa Pokolenko ehemalige sowjetische Kriegsgefangene in Georgien, besuchen sie, verteilen unsere Unterst\u00fctzung und helfen zum Beispiel beim Hacken vom &hellip; <\/div><\/div><\/div><div class=\"wp-block-coblocks-posts__item\"><div class=\"wp-block-coblocks-posts__image\"><a href=\"https:\/\/kontakte-kontakty.de\/ru\/solidaritaetsleistungen-an-ehemalige-sowjetische-kriegsgefangene-in-der-ukraine\/\" class=\"bg-cover bg-center-center\" style=\"background-image:url(https:\/\/kontakte-kontakty.de\/wp-content\/uploads\/2020\/08\/Homenko-AP-600px.jpg)\"><\/a><\/div><div class=\"wp-block-coblocks-posts__content\"><a href=\"https:\/\/kontakte-kontakty.de\/ru\/solidaritaetsleistungen-an-ehemalige-sowjetische-kriegsgefangene-in-der-ukraine\/\" alt=\"Solidarit\u00e4tsleistungen an ehemalige sowjetische Kriegsgefangene in der Ukraine\">Solidarit\u00e4tsleistungen an ehemalige sowjetische Kriegsgefangene in der Ukraine<\/a><time datetime=\"\" class=\"wp-block-coblocks-posts__date\">31. August 2020<\/time><div class=\"wp-block-coblocks-posts__excerpt\">Aleksandr Pavlovich Khomenko (96 Jahre) und seine Ehefrau aus der Ukraine, Gebiet Kyiv sind gl\u00fccklich, dass sie nach langer Zeit wieder flie\u00dfendes Wasser in der K\u00fcche haben. Wir konnten ihnen mit Unterst\u00fctzung der Stiftung &quot;Erinnerung, Verantwortung und Zukunft&quot; einen neuen &hellip; <\/div><\/div><\/div><div class=\"wp-block-coblocks-posts__item\"><div class=\"wp-block-coblocks-posts__image\"><a href=\"https:\/\/kontakte-kontakty.de\/ru\/solidaritaet-mit-ns-opfern-in-armenien-und-georgien-mai-2020\/\" class=\"bg-cover bg-center-center\" style=\"background-image:url(https:\/\/kontakte-kontakty.de\/wp-content\/uploads\/2020\/06\/KIRKITADZE-and-ZHORZHOLIANU.jpg)\"><\/a><\/div><div class=\"wp-block-coblocks-posts__content\"><a href=\"https:\/\/kontakte-kontakty.de\/ru\/solidaritaet-mit-ns-opfern-in-armenien-und-georgien-mai-2020\/\" alt=\"Solidarit\u00e4t mit NS-Opfern in Armenien und Georgien Mai 2020\">Solidarit\u00e4t mit NS-Opfern in Armenien und Georgien Mai 2020<\/a><time datetime=\"\" class=\"wp-block-coblocks-posts__date\">9. June 2020<\/time><div class=\"wp-block-coblocks-posts__excerpt\">In Armenien und Georgien waren zur Eind\u00e4mmung von Covid-19 schon sehr fr\u00fch Kontaktsperren verh\u00e4ngt worden. Inzwischen sind diese etwas gelockert, sodass wir in beide L\u00e4nder an unsere Partnerorganisationen Spendengelder \u00fcberweisen konnten, die an ehemalige sowjetische Kriegsgefangene verteilt wurden. Der armenische &hellip; <\/div><\/div><\/div><div class=\"wp-block-coblocks-posts__item\"><div class=\"wp-block-coblocks-posts__image\"><a href=\"https:\/\/kontakte-kontakty.de\/ru\/solidaritaet-mit-ns-opfern-februar-maerz-2020\/\" class=\"bg-cover bg-center-center\" style=\"background-image:url(https:\/\/kontakte-kontakty.de\/wp-content\/uploads\/2020\/03\/Gurgen-Danieljan..jpg)\"><\/a><\/div><div class=\"wp-block-coblocks-posts__content\"><a href=\"https:\/\/kontakte-kontakty.de\/ru\/solidaritaet-mit-ns-opfern-februar-maerz-2020\/\" alt=\"Solidarit\u00e4t mit NS-Opfern in Armenien, Belarus, Georgien und der Ukraine Februar-M\u00e4rz 2020\">Solidarit\u00e4t mit NS-Opfern in Armenien, Belarus, Georgien und der Ukraine Februar-M\u00e4rz 2020<\/a><time datetime=\"\" class=\"wp-block-coblocks-posts__date\">25. March 2020<\/time><div class=\"wp-block-coblocks-posts__excerpt\">Auch in Zeiten der Corona-Krise erm\u00f6glichen es uns unsere Spenderinnen und Spender, NS-Opfer in L\u00e4ndern der ehemaligen Sowjetunion zu unterst\u00fctzen. Die Hilfe f\u00fcr Medikamente und medizinisches Material sind noch wichtiger als sonst, obwohl wir noch keine Informationen \u00fcber die Auswirkungen &hellip; <\/div><\/div><\/div><div class=\"wp-block-coblocks-posts__item\"><div class=\"wp-block-coblocks-posts__image\"><a href=\"https:\/\/kontakte-kontakty.de\/ru\/solidaritaetsleistungen-an-ehemalige-sowjetische-kriegsgefangene-in-georgien-und-armenien-herbst-2019\/\" class=\"bg-cover bg-center-center\" style=\"background-image:url(https:\/\/kontakte-kontakty.de\/wp-content\/uploads\/2019\/12\/Aram-Saghjan-mit-seiner-Frau-Hranusch-2.jpg)\"><\/a><\/div><div class=\"wp-block-coblocks-posts__content\"><a href=\"https:\/\/kontakte-kontakty.de\/ru\/solidaritaetsleistungen-an-ehemalige-sowjetische-kriegsgefangene-in-georgien-und-armenien-herbst-2019\/\" alt=\"Solidarit\u00e4tsleistungen an ehemalige sowjetische Kriegsgefangene in Georgien und Armenien &#8211; Herbst 2019\">Solidarit\u00e4tsleistungen an ehemalige sowjetische Kriegsgefangene in Georgien und Armenien &#8211; Herbst 2019<\/a><time datetime=\"\" class=\"wp-block-coblocks-posts__date\">4. December 2019<\/time><div class=\"wp-block-coblocks-posts__excerpt\">Im November \u00fcberwiesen wir an unsere Partner in Georgien und Armenien 12.000 und 15.000 \u20ac. Der Winter im Kaukasus hat schon begonnen, es wurde Zeit f\u00fcr unsere Hilfe. Aram Saghjan mit seiner Frau Hranusch Aram Saghjan, geboren 1923 im Dorf &hellip; <\/div><\/div><\/div><div class=\"wp-block-coblocks-posts__item\"><div class=\"wp-block-coblocks-posts__image\"><a href=\"https:\/\/kontakte-kontakty.de\/ru\/solidaritaet-mit-den-ueberlebenden-der-verbrannten-doerfer-in-belarus-herbst-2019\/\" class=\"bg-cover bg-center-center\" style=\"background-image:url(https:\/\/kontakte-kontakty.de\/wp-content\/uploads\/2019\/12\/Nowikowa-Anna.jpg)\"><\/a><\/div><div class=\"wp-block-coblocks-posts__content\"><a href=\"https:\/\/kontakte-kontakty.de\/ru\/solidaritaet-mit-den-ueberlebenden-der-verbrannten-doerfer-in-belarus-herbst-2019\/\" alt=\"Solidarit\u00e4t mit den \u00dcberlebenden der verbrannten D\u00f6rfer in Belarus \u2013 Herbst 2019\">Solidarit\u00e4t mit den \u00dcberlebenden der verbrannten D\u00f6rfer in Belarus \u2013 Herbst 2019<\/a><time datetime=\"\" class=\"wp-block-coblocks-posts__date\">4. December 2019<\/time><div class=\"wp-block-coblocks-posts__excerpt\">Im Oktober und November 2019 konnten wir in zwei Tranchen Geld an insgesamt 150 \u00dcberlebende der verbrannten D\u00f6rfer in Belarus \u00fcbermitteln. Nowikowa Anna Jemelyanowna Nowikow Anton Kusmitsch Koslowskaja Yadviga Antonowna Die Fotos stammen aus dem Kreis Werchnedwinsk. Die Gruppe der &hellip; <\/div><\/div><\/div><\/div><\/div>","protected":false},"excerpt":{"rendered":"<p>B\u00fcrgerengagement f\u00fcr vergessene NS-Opfer Seit dem 27. Januar 2004 rufen wir auf zum B\u00fcrger-Engagement f\u00fcr NS-Opfer, denen die Bundesstiftung \u201eErinnerung, Verantwortung und Zukunft\u201c keine oder nur sehr geringe Zuwendungen \u00fcbermitteln konnte. Dies sind: Sowjetische Kriegsgefangene Mit \u00fcber drei Millionen Toten z\u00e4hlen sowjetische Kriegsgefangene zur zweitgr\u00f6\u00dften Opfergruppe des Nationalsozialismus. Sie waren von Leistungen durch die Stiftung&#8230;<\/p>\n","protected":false},"author":5,"featured_media":0,"parent":0,"menu_order":0,"comment_status":"closed","ping_status":"closed","template":"template-page-builder-no-sidebar.php","meta":{"_coblocks_attr":"","_coblocks_dimensions":"","_coblocks_responsive_height":"","_coblocks_accordion_ie_support":"","_uag_custom_page_level_css":"","footnotes":""},"class_list":["post-68","page","type-page","status-publish","hentry"],"translation":{"provider":"WPGlobus","version":"3.0.2","language":"ru","enabled_languages":["de","ru"],"languages":{"de":{"title":true,"content":true,"excerpt":false},"ru":{"title":true,"content":false,"excerpt":false}}},"uagb_featured_image_src":{"full":false,"thumbnail":false,"medium":false,"medium_large":false,"large":false,"1536x1536":false,"2048x2048":false,"post-thumbnail":false,"graphy-post-thumbnail-large":false,"graphy-post-thumbnail-medium":false,"graphy-post-thumbnail-small":false,"graphy-page-thumbnail":false},"uagb_author_info":{"display_name":"KS","author_link":"https:\/\/kontakte-kontakty.de\/ru\/author\/kntktbrln999\/"},"uagb_comment_info":0,"uagb_excerpt":"B\u00fcrgerengagement f\u00fcr vergessene NS-Opfer Seit dem 27. Januar 2004 rufen wir auf zum B\u00fcrger-Engagement f\u00fcr NS-Opfer, denen die Bundesstiftung \u201eErinnerung, Verantwortung und Zukunft\u201c keine oder nur sehr geringe Zuwendungen \u00fcbermitteln konnte. Dies sind: Sowjetische Kriegsgefangene Mit \u00fcber drei Millionen Toten z\u00e4hlen sowjetische Kriegsgefangene zur zweitgr\u00f6\u00dften Opfergruppe des Nationalsozialismus. Sie waren von Leistungen durch die Stiftung...","_links":{"self":[{"href":"https:\/\/kontakte-kontakty.de\/ru\/wp-json\/wp\/v2\/pages\/68","targetHints":{"allow":["GET"]}}],"collection":[{"href":"https:\/\/kontakte-kontakty.de\/ru\/wp-json\/wp\/v2\/pages"}],"about":[{"href":"https:\/\/kontakte-kontakty.de\/ru\/wp-json\/wp\/v2\/types\/page"}],"author":[{"embeddable":true,"href":"https:\/\/kontakte-kontakty.de\/ru\/wp-json\/wp\/v2\/users\/5"}],"replies":[{"embeddable":true,"href":"https:\/\/kontakte-kontakty.de\/ru\/wp-json\/wp\/v2\/comments?post=68"}],"version-history":[{"count":35,"href":"https:\/\/kontakte-kontakty.de\/ru\/wp-json\/wp\/v2\/pages\/68\/revisions"}],"predecessor-version":[{"id":5475,"href":"https:\/\/kontakte-kontakty.de\/ru\/wp-json\/wp\/v2\/pages\/68\/revisions\/5475"}],"wp:attachment":[{"href":"https:\/\/kontakte-kontakty.de\/ru\/wp-json\/wp\/v2\/media?parent=68"}],"curies":[{"name":"wp","href":"https:\/\/api.w.org\/{rel}","templated":true}]}}