{"id":66,"date":"2017-09-28T12:50:05","date_gmt":"2017-09-28T10:50:05","guid":{"rendered":"http:\/\/kontakte-kontakty.de\/?page_id=66"},"modified":"2020-01-09T14:38:36","modified_gmt":"2020-01-09T13:38:36","slug":"foerderer","status":"publish","type":"page","link":"https:\/\/kontakte-kontakty.de\/ru\/foerderer\/","title":{"rendered":"\u0413\u0440\u0430\u043d\u0442\u043e\u0434\u0430\u0442\u0435\u043b\u0438 \u0438 \u0434\u043e\u043d\u043e\u0440\u044b"},"content":{"rendered":"\n<div class=\"wp-block-columns is-layout-flex wp-container-core-columns-is-layout-9d6595d7 wp-block-columns-is-layout-flex\">\n<div class=\"wp-block-column is-layout-flow wp-block-column-is-layout-flow\" style=\"flex-basis:33.33%\">\n<div class=\"wp-block-image\"><figure class=\"alignright size-large is-resized\"><img decoding=\"async\" src=\"https:\/\/kontakte-kontakty.de\/wp-content\/uploads\/2017\/09\/aa.png\" alt=\"Das Ausw\u00e4rtigen Amt Logo\" class=\"wp-image-2254\" width=\"163\" height=\"79\"\/><\/figure><\/div>\n<\/div>\n\n\n\n<div class=\"wp-block-column is-layout-flow wp-block-column-is-layout-flow\" style=\"flex-basis:66.66%\">\n<p> <a href=\"https:\/\/www.auswaertiges-amt.de\/de\/\">Ausw\u00e4rtiges Amt<\/a> <\/p>\n<\/div>\n<\/div>\n\n\n\n<div class=\"wp-block-columns is-layout-flex wp-container-core-columns-is-layout-9d6595d7 wp-block-columns-is-layout-flex\">\n<div class=\"wp-block-column is-layout-flow wp-block-column-is-layout-flow\" style=\"flex-basis:33.33%\">\n<div class=\"wp-block-image\"><figure class=\"alignright size-large\"><img decoding=\"async\" width=\"87\" height=\"53\" src=\"https:\/\/kontakte-kontakty.de\/wp-content\/uploads\/2018\/02\/Berliner-Landeszentrale-f\u00fcr-politische-Bildung_klein.jpg\" alt=\"\" class=\"wp-image-2515\"\/><\/figure><\/div>\n<\/div>\n\n\n\n<div class=\"wp-block-column is-layout-flow wp-block-column-is-layout-flow\" style=\"flex-basis:66.66%\">\n<p> <a href=\"https:\/\/www.berlin.de\/politische-bildung\/\">Berliner Landeszentrale f\u00fcr politische Bildung<\/a> <\/p>\n<\/div>\n<\/div>\n\n\n\n<div class=\"wp-block-columns is-layout-flex wp-container-core-columns-is-layout-9d6595d7 wp-block-columns-is-layout-flex\">\n<div class=\"wp-block-column is-layout-flow wp-block-column-is-layout-flow\" style=\"flex-basis:33.33%\">\n<div class=\"wp-block-image\"><figure class=\"alignright size-large is-resized\"><img decoding=\"async\" src=\"https:\/\/kontakte-kontakty.de\/wp-content\/uploads\/2017\/09\/Schupprun-Stiftung_klein.jpg\" alt=\"\" class=\"wp-image-2319\" width=\"66\" height=\"57\"\/><\/figure><\/div>\n<\/div>\n\n\n\n<div class=\"wp-block-column is-layout-flow wp-block-column-is-layout-flow\" style=\"flex-basis:66.66%\">\n<p> <a href=\"http:\/\/charlotte-steppuhn-stiftung.de\/\">Charlotte-Steppuhn-Stiftung Kinderhilfswerk<\/a> <\/p>\n<\/div>\n<\/div>\n\n\n\n\n\n<div class=\"wp-block-columns is-layout-flex wp-container-core-columns-is-layout-9d6595d7 wp-block-columns-is-layout-flex\">\n<div class=\"wp-block-column is-layout-flow wp-block-column-is-layout-flow\" style=\"flex-basis:33.33%\">\n<div class=\"wp-block-image\"><figure class=\"alignright size-large\"><img decoding=\"async\" width=\"93\" height=\"66\" src=\"https:\/\/kontakte-kontakty.de\/wp-content\/uploads\/2017\/09\/Logo_Senatskanzelei_klein.jpg\" alt=\"\" class=\"wp-image-2323\"\/><\/figure><\/div>\n\n\n<\/div>\n\n\n\n<div class=\"wp-block-column is-layout-flow wp-block-column-is-layout-flow\" style=\"flex-basis:66.66%\">\n<p> <a href=\"https:\/\/www.berlin.de\/rbmskzl\/\">Senatskanzlei Berlin<\/a> <\/p>\n<\/div>\n<\/div>\n\n\n\n<div class=\"wp-block-columns is-layout-flex wp-container-core-columns-is-layout-9d6595d7 wp-block-columns-is-layout-flex\">\n<div class=\"wp-block-column is-layout-flow wp-block-column-is-layout-flow\" style=\"flex-basis:33.33%\">\n<div class=\"wp-block-image\"><figure class=\"alignright size-large\"><img decoding=\"async\" width=\"86\" height=\"52\" src=\"https:\/\/kontakte-kontakty.de\/wp-content\/uploads\/2018\/02\/Senatsverwaltung-f\u00fcr-Kultur-und-Europa_klein.jpg\" alt=\"\" class=\"wp-image-2514\"\/><\/figure><\/div>\n\n\n<\/div>\n\n\n\n<div class=\"wp-block-column is-layout-flow wp-block-column-is-layout-flow\" style=\"flex-basis:66.66%\">\n<p> <a href=\"https:\/\/www.berlin.de\/sen\/kultur\/\">Senatsverwaltung f\u00fcr Kultur und Europa<\/a> <\/p>\n<\/div>\n<\/div>\n\n\n\n<div class=\"wp-block-columns is-layout-flex wp-container-core-columns-is-layout-9d6595d7 wp-block-columns-is-layout-flex\">\n<div class=\"wp-block-column is-layout-flow wp-block-column-is-layout-flow\" style=\"flex-basis:33.33%\"><\/div>\n\n\n\n<div class=\"wp-block-column is-layout-flow wp-block-column-is-layout-flow\" style=\"flex-basis:66.66%\">\n<p> Stiftung &#8220;Erinnerung Lindau&#8221; <br><\/p>\n<\/div>\n<\/div>\n\n\n\n<div class=\"wp-block-columns is-layout-flex wp-container-core-columns-is-layout-9d6595d7 wp-block-columns-is-layout-flex\">\n<div class=\"wp-block-column is-layout-flow wp-block-column-is-layout-flow\" style=\"flex-basis:33.33%\">\n<div class=\"wp-block-image\"><figure class=\"alignright size-large is-resized\"><img decoding=\"async\" src=\"https:\/\/kontakte-kontakty.de\/wp-content\/uploads\/2018\/02\/evz_logo-300x63.png\" alt=\"\" class=\"wp-image-2516\" width=\"126\" height=\"26\"\/><\/figure><\/div>\n\n\n<\/div>\n\n\n\n<div class=\"wp-block-column is-layout-flow wp-block-column-is-layout-flow\" style=\"flex-basis:66.66%\">\n<p> <a href=\"http:\/\/www.stiftung-evz.de\/start.html\">Stiftung &#8220;Erinnerung, Verantwortung, Zukunft&#8221;<\/a> <\/p>\n<\/div>\n<\/div>\n\n\n\n<div class=\"wp-block-columns is-layout-flex wp-container-core-columns-is-layout-9d6595d7 wp-block-columns-is-layout-flex\">\n<div class=\"wp-block-column is-layout-flow wp-block-column-is-layout-flow\" style=\"flex-basis:33.33%\">\n<div class=\"wp-block-image\"><figure class=\"alignright size-large is-resized\"><img decoding=\"async\" src=\"https:\/\/kontakte-kontakty.de\/wp-content\/uploads\/2017\/09\/r\u00fcckw\u00e4rts-vorw\u00e4rtsdenken-700x147.png\" alt=\"\" class=\"wp-image-2258\" width=\"189\" height=\"39\" srcset=\"https:\/\/kontakte-kontakty.de\/wp-content\/uploads\/2017\/09\/r\u00fcckw\u00e4rts-vorw\u00e4rtsdenken-700x147.png 700w, https:\/\/kontakte-kontakty.de\/wp-content\/uploads\/2017\/09\/r\u00fcckw\u00e4rts-vorw\u00e4rtsdenken-300x63.png 300w, https:\/\/kontakte-kontakty.de\/wp-content\/uploads\/2017\/09\/r\u00fcckw\u00e4rts-vorw\u00e4rtsdenken-768x161.png 768w, https:\/\/kontakte-kontakty.de\/wp-content\/uploads\/2017\/09\/r\u00fcckw\u00e4rts-vorw\u00e4rtsdenken-800x168.png 800w, https:\/\/kontakte-kontakty.de\/wp-content\/uploads\/2017\/09\/r\u00fcckw\u00e4rts-vorw\u00e4rtsdenken.png 1000w\" sizes=\"(max-width: 189px) 100vw, 189px\" \/><\/figure><\/div>\n\n\n<\/div>\n\n\n\n<div class=\"wp-block-column is-layout-flow wp-block-column-is-layout-flow\" style=\"flex-basis:66.66%\">\n<p> <a href=\"http:\/\/rueckwaertsundvorwaertsdenken.de\/\">Stiftung R\u00fcckw\u00e4rtsundvorw\u00e4rtsdenken<\/a>  <\/p>\n<\/div>\n<\/div>\n","protected":false},"excerpt":{"rendered":"<p>Ausw\u00e4rtiges Amt Berliner Landeszentrale f\u00fcr politische Bildung Charlotte-Steppuhn-Stiftung Kinderhilfswerk Senatskanzlei Berlin Senatsverwaltung f\u00fcr Kultur und Europa Stiftung &#8220;Erinnerung Lindau&#8221; Stiftung &#8220;Erinnerung, Verantwortung, Zukunft&#8221; Stiftung R\u00fcckw\u00e4rtsundvorw\u00e4rtsdenken<\/p>\n","protected":false},"author":5,"featured_media":0,"parent":0,"menu_order":0,"comment_status":"closed","ping_status":"closed","template":"","meta":{"_coblocks_attr":"","_coblocks_dimensions":"","_coblocks_responsive_height":"","_coblocks_accordion_ie_support":"","_uag_custom_page_level_css":"","footnotes":""},"class_list":["post-66","page","type-page","status-publish","hentry"],"translation":{"provider":"WPGlobus","version":"3.0.2","language":"ru","enabled_languages":["de","ru"],"languages":{"de":{"title":true,"content":true,"excerpt":false},"ru":{"title":true,"content":true,"excerpt":false}}},"uagb_featured_image_src":{"full":false,"thumbnail":false,"medium":false,"medium_large":false,"large":false,"1536x1536":false,"2048x2048":false,"post-thumbnail":false,"graphy-post-thumbnail-large":false,"graphy-post-thumbnail-medium":false,"graphy-post-thumbnail-small":false,"graphy-page-thumbnail":false},"uagb_author_info":{"display_name":"KS","author_link":"https:\/\/kontakte-kontakty.de\/ru\/author\/kntktbrln999\/"},"uagb_comment_info":0,"uagb_excerpt":"Ausw\u00e4rtiges Amt Berliner Landeszentrale f\u00fcr politische Bildung Charlotte-Steppuhn-Stiftung Kinderhilfswerk Senatskanzlei Berlin Senatsverwaltung f\u00fcr Kultur und Europa Stiftung &#8220;Erinnerung Lindau&#8221; Stiftung &#8220;Erinnerung, Verantwortung, Zukunft&#8221; Stiftung R\u00fcckw\u00e4rtsundvorw\u00e4rtsdenken","_links":{"self":[{"href":"https:\/\/kontakte-kontakty.de\/ru\/wp-json\/wp\/v2\/pages\/66","targetHints":{"allow":["GET"]}}],"collection":[{"href":"https:\/\/kontakte-kontakty.de\/ru\/wp-json\/wp\/v2\/pages"}],"about":[{"href":"https:\/\/kontakte-kontakty.de\/ru\/wp-json\/wp\/v2\/types\/page"}],"author":[{"embeddable":true,"href":"https:\/\/kontakte-kontakty.de\/ru\/wp-json\/wp\/v2\/users\/5"}],"replies":[{"embeddable":true,"href":"https:\/\/kontakte-kontakty.de\/ru\/wp-json\/wp\/v2\/comments?post=66"}],"version-history":[{"count":22,"href":"https:\/\/kontakte-kontakty.de\/ru\/wp-json\/wp\/v2\/pages\/66\/revisions"}],"predecessor-version":[{"id":3393,"href":"https:\/\/kontakte-kontakty.de\/ru\/wp-json\/wp\/v2\/pages\/66\/revisions\/3393"}],"wp:attachment":[{"href":"https:\/\/kontakte-kontakty.de\/ru\/wp-json\/wp\/v2\/media?parent=66"}],"curies":[{"name":"wp","href":"https:\/\/api.w.org\/{rel}","templated":true}]}}