{"id":64,"date":"2017-09-28T12:49:46","date_gmt":"2017-09-28T10:49:46","guid":{"rendered":"http:\/\/kontakte-kontakty.de\/?page_id=64"},"modified":"2023-09-27T09:36:34","modified_gmt":"2023-09-27T07:36:34","slug":"partner","status":"publish","type":"page","link":"https:\/\/kontakte-kontakty.de\/ru\/partner\/","title":{"rendered":"\u041f\u0430\u0440\u0442\u043d\u0451\u0440\u044b"},"content":{"rendered":"<ul>\n<li>\n<p lang=\"de-DE\">Armenischer Verein der rehabilitierten Gefangenen des Zweiten Weltkriegs<\/p>\n<\/li>\n<li>\n<p lang=\"de-DE\"><a href=\"http:\/\/fondmira.by\/\">Belorussische Friedensstiftung<\/a>, Minsk<\/p>\n<\/li>\n<li>\n<p lang=\"de-DE\"><a href=\"http:\/\/www.berliner-geschichtswerkstatt.de\/\">Berliner Geschichtswerkstatt<\/a><\/p>\n<\/li>\n<li>\n<p lang=\"de-DE\">Charit\u00e9, Kinderklinik mit Schwerpunkt Onkologie und H\u00e4matologie<\/p>\n<\/li>\n<li>\n<p lang=\"de-DE\"><a href=\"http:\/\/www.kulturportal-russland.de\/\">Deutsch-Russisches Forum e.V. &#8211; Kulturportal<\/a><\/p>\n<\/li>\n<li>\n<p lang=\"de-DE\"><a href=\"http:\/\/www.museum-karlshorst.de\/\">Deutsch-Russisches Museum Berlin-Karlshorst<\/a><\/p>\n<\/li>\n<li>\n<p lang=\"de-DE\"><a href=\"https:\/\/www.erlangen.de\/desktopdefault.aspx\/tabid-1139\">Erlangen\/ St\u00e4dtepartnerschaft Erlangen-Wladimir<\/a><\/p>\n<\/li>\n<li>\n<p lang=\"de-DE\"><a href=\"http:\/\/www.gedenkorte-tiergarten.de\/\">Initiative Gedenkort Lebensraumpolitik<\/a>, Berlin<\/p>\n<\/li>\n<li>\n<p lang=\"de-DE\"><a href=\"http:\/\/www.toleranz.org.ua\/\">Internationale Stiftung \u201eVerst\u00e4ndigung und Toleranz\u201c<\/a>, Kiew<\/p>\n<\/li>\n<li>\n<p lang=\"de-DE\"><a href=\"http:\/\/moov.by\/ru\/\">Internationale gesellschaftliche Vereinigung \u201eVerst\u00e4ndigung\u201c<\/a>, Minsk<\/p>\n<\/li>\n<li>\n<p lang=\"de-DE\"><a href=\"https:\/\/ilmr.de\/menschenrechte\">Internationale Liga f\u00fcr Menschenrechte<\/a><\/p>\n<\/li>\n<li>\n<p lang=\"de-DE\">Morosov-Kinderkrankenhaus Nr.\u00a01, Abt.\u00a0f\u00fcr Onkologie und H\u00e4matologie, Moskau<\/p>\n<\/li>\n<li>\n<p lang=\"de-DE\"><a href=\"http:\/\/www.fnkc.ru\/index_en.jsp#Our_Center\">Nationales Forschungszentrum f\u00fcr p\u00e4diatrische H\u00e4matologie, Onkologie und Immunologie<\/a><\/p>\n<\/li>\n<li>\n<p lang=\"de-DE\"><a href=\"http:\/\/www.historyvoice.ru\/?file=kop1.php\">Regionales Zentrum f\u00fcr Oral History, <\/a>Woronesch, Russland<\/p>\n<\/li>\n<li>\n<p lang=\"de-DE\"><a href=\"http:\/\/rdkb.ru\/\">Russisches Kinderkrankenhaus<\/a> (Zentrum f\u00fcr Onkologie und H\u00e4matologie), Moskau<\/p>\n<\/li>\n<li>\n<p lang=\"de-DE\"><a href=\"http:\/\/www.historyfoundation.ru\/index_en.php\">Stiftung \u201eHistorical Memory\u201c<\/a>, Moskau<\/p>\n<\/li>\n<li>\n<p lang=\"zxx\">Ukrainischen Assoziation der ehemaligen j\u00fcdischen Ghetto- und KZ-H\u00e4ftlinge<span lang=\"de-DE\">, Kiew<\/span><\/p>\n<\/li>\n<li>\n<p lang=\"de-DE\">Ukrainische Assoziation der Opfer des Nazismus<\/p>\n<\/li>\n<li>\n<p lang=\"de-DE\">Ukrainisch-Georgische Freundschaftsgesellschaft \u201eDruzhba\u201c, Kutaissi\/Georgien<\/p>\n<\/li>\n<\/ul>\n","protected":false},"excerpt":{"rendered":"<p>Armenischer Verein der rehabilitierten Gefangenen des Zweiten Weltkriegs Belorussische Friedensstiftung, Minsk Berliner Geschichtswerkstatt Charit\u00e9, Kinderklinik mit Schwerpunkt Onkologie und H\u00e4matologie Deutsch-Russisches Forum e.V. &#8211; Kulturportal Deutsch-Russisches Museum Berlin-Karlshorst Erlangen\/ St\u00e4dtepartnerschaft Erlangen-Wladimir Initiative Gedenkort Lebensraumpolitik, Berlin Internationale Stiftung \u201eVerst\u00e4ndigung und Toleranz\u201c, Kiew Internationale gesellschaftliche Vereinigung \u201eVerst\u00e4ndigung\u201c, Minsk Internationale Liga f\u00fcr Menschenrechte Morosov-Kinderkrankenhaus Nr.\u00a01, Abt.\u00a0f\u00fcr Onkologie und&#8230;<\/p>\n","protected":false},"author":5,"featured_media":0,"parent":0,"menu_order":0,"comment_status":"closed","ping_status":"closed","template":"","meta":{"_coblocks_attr":"","_coblocks_dimensions":"","_coblocks_responsive_height":"","_coblocks_accordion_ie_support":"","_uag_custom_page_level_css":"","footnotes":""},"class_list":["post-64","page","type-page","status-publish","hentry"],"translation":{"provider":"WPGlobus","version":"3.0.2","language":"ru","enabled_languages":["de","ru"],"languages":{"de":{"title":true,"content":true,"excerpt":false},"ru":{"title":true,"content":true,"excerpt":false}}},"uagb_featured_image_src":{"full":false,"thumbnail":false,"medium":false,"medium_large":false,"large":false,"1536x1536":false,"2048x2048":false,"post-thumbnail":false,"graphy-post-thumbnail-large":false,"graphy-post-thumbnail-medium":false,"graphy-post-thumbnail-small":false,"graphy-page-thumbnail":false},"uagb_author_info":{"display_name":"KS","author_link":"https:\/\/kontakte-kontakty.de\/ru\/author\/kntktbrln999\/"},"uagb_comment_info":0,"uagb_excerpt":"Armenischer Verein der rehabilitierten Gefangenen des Zweiten Weltkriegs Belorussische Friedensstiftung, Minsk Berliner Geschichtswerkstatt Charit\u00e9, Kinderklinik mit Schwerpunkt Onkologie und H\u00e4matologie Deutsch-Russisches Forum e.V. &#8211; Kulturportal Deutsch-Russisches Museum Berlin-Karlshorst Erlangen\/ St\u00e4dtepartnerschaft Erlangen-Wladimir Initiative Gedenkort Lebensraumpolitik, Berlin Internationale Stiftung \u201eVerst\u00e4ndigung und Toleranz\u201c, Kiew Internationale gesellschaftliche Vereinigung \u201eVerst\u00e4ndigung\u201c, Minsk Internationale Liga f\u00fcr Menschenrechte Morosov-Kinderkrankenhaus Nr.\u00a01, Abt.\u00a0f\u00fcr Onkologie und...","_links":{"self":[{"href":"https:\/\/kontakte-kontakty.de\/ru\/wp-json\/wp\/v2\/pages\/64","targetHints":{"allow":["GET"]}}],"collection":[{"href":"https:\/\/kontakte-kontakty.de\/ru\/wp-json\/wp\/v2\/pages"}],"about":[{"href":"https:\/\/kontakte-kontakty.de\/ru\/wp-json\/wp\/v2\/types\/page"}],"author":[{"embeddable":true,"href":"https:\/\/kontakte-kontakty.de\/ru\/wp-json\/wp\/v2\/users\/5"}],"replies":[{"embeddable":true,"href":"https:\/\/kontakte-kontakty.de\/ru\/wp-json\/wp\/v2\/comments?post=64"}],"version-history":[{"count":34,"href":"https:\/\/kontakte-kontakty.de\/ru\/wp-json\/wp\/v2\/pages\/64\/revisions"}],"predecessor-version":[{"id":5183,"href":"https:\/\/kontakte-kontakty.de\/ru\/wp-json\/wp\/v2\/pages\/64\/revisions\/5183"}],"wp:attachment":[{"href":"https:\/\/kontakte-kontakty.de\/ru\/wp-json\/wp\/v2\/media?parent=64"}],"curies":[{"name":"wp","href":"https:\/\/api.w.org\/{rel}","templated":true}]}}