{"id":344,"date":"2017-11-14T11:51:25","date_gmt":"2017-11-14T10:51:25","guid":{"rendered":"http:\/\/kontakte-kontakty.de\/?page_id=344"},"modified":"2017-12-04T11:13:52","modified_gmt":"2017-12-04T10:13:52","slug":"russisches-republiks-kinderkrankenhaus-rdkb","status":"publish","type":"page","link":"https:\/\/kontakte-kontakty.de\/ru\/russisches-republiks-kinderkrankenhaus-rdkb\/","title":{"rendered":"Russisches Republiks-Kinderkrankenhaus (RDKB)"},"content":{"rendered":"<p>Leninskij Chaussee 117<span class=\"verstecken\">.<\/span><br \/>\n 117513 Moskau<span class=\"verstecken\">.<\/span><\/p>\n<p>Das <abbr title=\"Republiks-Kinderkrankenhaus\">RDKB<\/abbr> wurde in den 70er Jahren als zentrale p\u00e4diatrische Einrichtung mit rund 1000\u00a0Betten f\u00fcr die gesamte Sowjetunion erbaut. Hierher kommen schwierige Patientenf\u00e4lle, die anderswo nicht behandelt werden k\u00f6nnen.<\/p>\n<p>Auch heute noch werden (mit Ausnahme der baltischen L\u00e4nder) Kinder aus allen Regionen der ehemaligen Sowjetunion behandelt. Im Prinzip ist die Behandlung kostenlos, allerdings gilt dies nur f\u00fcr die Staatsb\u00fcrgerschaft der Russischen F\u00f6deration. Das<abbr> RDKB<\/abbr> untersteht unmittelbar dem russischen Gesundheitsministerium, was eine h\u00f6chst unzureichende Finanzierung des Krankenhauses zur Folge hat.<\/p>\n<p>Die Leitung der Abteilung f\u00fcr Onkologie und H\u00e4matologie \u00fcbernahm <abbr>Dr.<\/abbr>\u00a0Alexander Isaakovitsch Karachunskiy im Jahre 1991 nach einem halbj\u00e4hrigen Studienaufenthalt im Berliner Virchow-Klinikum. Er reformierte diese Station nach dem Ma\u00dfstab des Virchow-Klinikums in Bezug auf Arbeitsorganisation, Hygiene und Teamarbeit. Somit wurde diese Einrichtung zu einem Modell f\u00fcr die russische Intensivmedizin.<\/p>\n<p>Im Rahmen partnerschaftlicher Beziehungen f\u00f6rderte KONTAKTE-KOHTAKTbI\u00a0<abbr>e.V.<\/abbr> diese Station in allen Bereichen: Es wurden Berlin-Stipendien f\u00fcr \u00c4rzte und Pflegepersonal vermittelt, technische Einrichtungen, medizinisches Verbrauchsmaterial und Pharmaka besorgt.<\/p>\n<p>1996 wurde von KONTAKTE-KOHTAKTbI\u00a0<abbr>e.V.<\/abbr> die Teilsanierung der Abteilung finanziert. 2001\/2002 wurde unter ma\u00dfgeblicher Beteiligung unseres Vereins eine Rundum-Erneuerung der Abteilung realisiert. Seit dem Jahr 2002 ist <abbr>Dr.<\/abbr>\u00a0Dmitrij Litvinow Leiter dieser Station.<\/p>\n<p><a href=\"https:\/\/kontakte-kontakty.de\/kinderleukaemie\/\">zur\u00fcck<\/a><\/p>\n","protected":false},"excerpt":{"rendered":"<p>Leninskij Chaussee 117. 117513 Moskau. Das RDKB wurde in den 70er Jahren als zentrale p\u00e4diatrische Einrichtung mit rund 1000\u00a0Betten f\u00fcr die gesamte Sowjetunion erbaut. Hierher kommen schwierige Patientenf\u00e4lle, die anderswo nicht behandelt werden k\u00f6nnen. Auch heute noch werden (mit Ausnahme der baltischen L\u00e4nder) Kinder aus allen Regionen der ehemaligen Sowjetunion behandelt. Im Prinzip ist die&#8230;<\/p>\n","protected":false},"author":5,"featured_media":0,"parent":0,"menu_order":0,"comment_status":"closed","ping_status":"closed","template":"","meta":{"_coblocks_attr":"","_coblocks_dimensions":"","_coblocks_responsive_height":"","_coblocks_accordion_ie_support":"","_uag_custom_page_level_css":"","footnotes":""},"class_list":["post-344","page","type-page","status-publish","hentry"],"translation":{"provider":"WPGlobus","version":"3.0.2","language":"ru","enabled_languages":["de","ru"],"languages":{"de":{"title":true,"content":true,"excerpt":false},"ru":{"title":false,"content":false,"excerpt":false}}},"uagb_featured_image_src":{"full":false,"thumbnail":false,"medium":false,"medium_large":false,"large":false,"1536x1536":false,"2048x2048":false,"post-thumbnail":false,"graphy-post-thumbnail-large":false,"graphy-post-thumbnail-medium":false,"graphy-post-thumbnail-small":false,"graphy-page-thumbnail":false},"uagb_author_info":{"display_name":"KS","author_link":"https:\/\/kontakte-kontakty.de\/ru\/author\/kntktbrln999\/"},"uagb_comment_info":0,"uagb_excerpt":"Leninskij Chaussee 117. 117513 Moskau. Das RDKB wurde in den 70er Jahren als zentrale p\u00e4diatrische Einrichtung mit rund 1000\u00a0Betten f\u00fcr die gesamte Sowjetunion erbaut. Hierher kommen schwierige Patientenf\u00e4lle, die anderswo nicht behandelt werden k\u00f6nnen. Auch heute noch werden (mit Ausnahme der baltischen L\u00e4nder) Kinder aus allen Regionen der ehemaligen Sowjetunion behandelt. Im Prinzip ist die...","_links":{"self":[{"href":"https:\/\/kontakte-kontakty.de\/ru\/wp-json\/wp\/v2\/pages\/344","targetHints":{"allow":["GET"]}}],"collection":[{"href":"https:\/\/kontakte-kontakty.de\/ru\/wp-json\/wp\/v2\/pages"}],"about":[{"href":"https:\/\/kontakte-kontakty.de\/ru\/wp-json\/wp\/v2\/types\/page"}],"author":[{"embeddable":true,"href":"https:\/\/kontakte-kontakty.de\/ru\/wp-json\/wp\/v2\/users\/5"}],"replies":[{"embeddable":true,"href":"https:\/\/kontakte-kontakty.de\/ru\/wp-json\/wp\/v2\/comments?post=344"}],"version-history":[{"count":3,"href":"https:\/\/kontakte-kontakty.de\/ru\/wp-json\/wp\/v2\/pages\/344\/revisions"}],"predecessor-version":[{"id":1061,"href":"https:\/\/kontakte-kontakty.de\/ru\/wp-json\/wp\/v2\/pages\/344\/revisions\/1061"}],"wp:attachment":[{"href":"https:\/\/kontakte-kontakty.de\/ru\/wp-json\/wp\/v2\/media?parent=344"}],"curies":[{"name":"wp","href":"https:\/\/api.w.org\/{rel}","templated":true}]}}