{"id":212,"date":"2017-11-07T13:54:11","date_gmt":"2017-11-07T12:54:11","guid":{"rendered":"http:\/\/kontakte-kontakty.de\/?page_id=212"},"modified":"2017-11-27T13:23:33","modified_gmt":"2017-11-27T12:23:33","slug":"lymphoblastische-leukaemie","status":"publish","type":"page","link":"https:\/\/kontakte-kontakty.de\/ru\/lymphoblastische-leukaemie\/","title":{"rendered":"Lymphoblastische Leuk\u00e4mie"},"content":{"rendered":"<p>80 Prozent aller an Leuk\u00e4mien erkrankten Kinder leiden an akuter lymphoblastischer Leuk\u00e4mie (ALL). Damit ist ALL die h\u00e4ufigste Krebserkrankung im Kindesalter. Die Prognose konnte durch kombiniert angewandte zytostatische Therapie (<abbr>z.B.<\/abbr> Vincristin, Prednison, <abbr>L<\/abbr>-Asparaginase, Daunocubricin, Amethopterin) und durch Prophylaxe eines <abbr>ZNS<\/abbr>-Befalls entscheidend verbessert werden.<\/p>\n<p><a href=\"https:\/\/kontakte-kontakty.de\/kinderleukaemie\/\">zur\u00fcck<\/a><\/p>\n","protected":false},"excerpt":{"rendered":"<p>80 Prozent aller an Leuk\u00e4mien erkrankten Kinder leiden an akuter lymphoblastischer Leuk\u00e4mie (ALL). Damit ist ALL die h\u00e4ufigste Krebserkrankung im Kindesalter. Die Prognose konnte durch kombiniert angewandte zytostatische Therapie (z.B. Vincristin, Prednison, L-Asparaginase, Daunocubricin, Amethopterin) und durch Prophylaxe eines ZNS-Befalls entscheidend verbessert werden. zur\u00fcck<\/p>\n","protected":false},"author":5,"featured_media":0,"parent":0,"menu_order":0,"comment_status":"closed","ping_status":"closed","template":"","meta":{"_coblocks_attr":"","_coblocks_dimensions":"","_coblocks_responsive_height":"","_coblocks_accordion_ie_support":"","_uag_custom_page_level_css":"","footnotes":""},"class_list":["post-212","page","type-page","status-publish","hentry"],"translation":{"provider":"WPGlobus","version":"3.0.2","language":"ru","enabled_languages":["de","ru"],"languages":{"de":{"title":true,"content":true,"excerpt":false},"ru":{"title":false,"content":false,"excerpt":false}}},"uagb_featured_image_src":{"full":false,"thumbnail":false,"medium":false,"medium_large":false,"large":false,"1536x1536":false,"2048x2048":false,"post-thumbnail":false,"graphy-post-thumbnail-large":false,"graphy-post-thumbnail-medium":false,"graphy-post-thumbnail-small":false,"graphy-page-thumbnail":false},"uagb_author_info":{"display_name":"KS","author_link":"https:\/\/kontakte-kontakty.de\/ru\/author\/kntktbrln999\/"},"uagb_comment_info":0,"uagb_excerpt":"80 Prozent aller an Leuk\u00e4mien erkrankten Kinder leiden an akuter lymphoblastischer Leuk\u00e4mie (ALL). Damit ist ALL die h\u00e4ufigste Krebserkrankung im Kindesalter. Die Prognose konnte durch kombiniert angewandte zytostatische Therapie (z.B. Vincristin, Prednison, L-Asparaginase, Daunocubricin, Amethopterin) und durch Prophylaxe eines ZNS-Befalls entscheidend verbessert werden. zur\u00fcck","_links":{"self":[{"href":"https:\/\/kontakte-kontakty.de\/ru\/wp-json\/wp\/v2\/pages\/212","targetHints":{"allow":["GET"]}}],"collection":[{"href":"https:\/\/kontakte-kontakty.de\/ru\/wp-json\/wp\/v2\/pages"}],"about":[{"href":"https:\/\/kontakte-kontakty.de\/ru\/wp-json\/wp\/v2\/types\/page"}],"author":[{"embeddable":true,"href":"https:\/\/kontakte-kontakty.de\/ru\/wp-json\/wp\/v2\/users\/5"}],"replies":[{"embeddable":true,"href":"https:\/\/kontakte-kontakty.de\/ru\/wp-json\/wp\/v2\/comments?post=212"}],"version-history":[{"count":2,"href":"https:\/\/kontakte-kontakty.de\/ru\/wp-json\/wp\/v2\/pages\/212\/revisions"}],"predecessor-version":[{"id":902,"href":"https:\/\/kontakte-kontakty.de\/ru\/wp-json\/wp\/v2\/pages\/212\/revisions\/902"}],"wp:attachment":[{"href":"https:\/\/kontakte-kontakty.de\/ru\/wp-json\/wp\/v2\/media?parent=212"}],"curies":[{"name":"wp","href":"https:\/\/api.w.org\/{rel}","templated":true}]}}