{"id":205,"date":"2017-11-07T13:45:48","date_gmt":"2017-11-07T12:45:48","guid":{"rendered":"http:\/\/kontakte-kontakty.de\/?page_id=205"},"modified":"2017-11-27T13:16:54","modified_gmt":"2017-11-27T12:16:54","slug":"bfm-protokoll","status":"publish","type":"page","link":"https:\/\/kontakte-kontakty.de\/ru\/bfm-protokoll\/","title":{"rendered":"BFM-Protokoll"},"content":{"rendered":"<p>Einer Studiengruppe der Universit\u00e4tskliniken in Berlin (Virchow-Klinikum), Frankfurt am Main und M\u00fcnster gelang Anfang der 70er Jahre ein ma\u00dfgeblicher Erfolg bei der Behandlung von Leuk\u00e4mien im Kindesalter, so dass die Sterblichkeit bei der bis dahin auch in Deutschland als unheilbar geltende Krankheit auf ein Drittel der Patienten reduziert werden konnte.<\/p>\n<p>Einer der Autoren dieses <abbr>BFM<\/abbr>-Protokolls ist der Berliner Kinderonkologe <abbr>Prof.\u00a0Dr.<\/abbr>\u00a0G\u00fcnter Henze. Er beteiligt sich als wissenschaftlicher Berater an unserer Partnerschaft f\u00fcr leuk\u00e4miekranke Kinder in Russland.<\/p>\n<p><a href=\"https:\/\/kontakte-kontakty.de\/kinderleukaemie\/\">zur\u00fcck<\/a><\/p>\n","protected":false},"excerpt":{"rendered":"<p>Einer Studiengruppe der Universit\u00e4tskliniken in Berlin (Virchow-Klinikum), Frankfurt am Main und M\u00fcnster gelang Anfang der 70er Jahre ein ma\u00dfgeblicher Erfolg bei der Behandlung von Leuk\u00e4mien im Kindesalter, so dass die Sterblichkeit bei der bis dahin auch in Deutschland als unheilbar geltende Krankheit auf ein Drittel der Patienten reduziert werden konnte. Einer der Autoren dieses BFM-Protokolls&#8230;<\/p>\n","protected":false},"author":5,"featured_media":0,"parent":0,"menu_order":0,"comment_status":"closed","ping_status":"closed","template":"","meta":{"_coblocks_attr":"","_coblocks_dimensions":"","_coblocks_responsive_height":"","_coblocks_accordion_ie_support":"","_uag_custom_page_level_css":"","footnotes":""},"class_list":["post-205","page","type-page","status-publish","hentry"],"translation":{"provider":"WPGlobus","version":"3.0.2","language":"ru","enabled_languages":["de","ru"],"languages":{"de":{"title":true,"content":true,"excerpt":false},"ru":{"title":false,"content":false,"excerpt":false}}},"uagb_featured_image_src":{"full":false,"thumbnail":false,"medium":false,"medium_large":false,"large":false,"1536x1536":false,"2048x2048":false,"post-thumbnail":false,"graphy-post-thumbnail-large":false,"graphy-post-thumbnail-medium":false,"graphy-post-thumbnail-small":false,"graphy-page-thumbnail":false},"uagb_author_info":{"display_name":"KS","author_link":"https:\/\/kontakte-kontakty.de\/ru\/author\/kntktbrln999\/"},"uagb_comment_info":0,"uagb_excerpt":"Einer Studiengruppe der Universit\u00e4tskliniken in Berlin (Virchow-Klinikum), Frankfurt am Main und M\u00fcnster gelang Anfang der 70er Jahre ein ma\u00dfgeblicher Erfolg bei der Behandlung von Leuk\u00e4mien im Kindesalter, so dass die Sterblichkeit bei der bis dahin auch in Deutschland als unheilbar geltende Krankheit auf ein Drittel der Patienten reduziert werden konnte. Einer der Autoren dieses BFM-Protokolls...","_links":{"self":[{"href":"https:\/\/kontakte-kontakty.de\/ru\/wp-json\/wp\/v2\/pages\/205","targetHints":{"allow":["GET"]}}],"collection":[{"href":"https:\/\/kontakte-kontakty.de\/ru\/wp-json\/wp\/v2\/pages"}],"about":[{"href":"https:\/\/kontakte-kontakty.de\/ru\/wp-json\/wp\/v2\/types\/page"}],"author":[{"embeddable":true,"href":"https:\/\/kontakte-kontakty.de\/ru\/wp-json\/wp\/v2\/users\/5"}],"replies":[{"embeddable":true,"href":"https:\/\/kontakte-kontakty.de\/ru\/wp-json\/wp\/v2\/comments?post=205"}],"version-history":[{"count":2,"href":"https:\/\/kontakte-kontakty.de\/ru\/wp-json\/wp\/v2\/pages\/205\/revisions"}],"predecessor-version":[{"id":895,"href":"https:\/\/kontakte-kontakty.de\/ru\/wp-json\/wp\/v2\/pages\/205\/revisions\/895"}],"wp:attachment":[{"href":"https:\/\/kontakte-kontakty.de\/ru\/wp-json\/wp\/v2\/media?parent=205"}],"curies":[{"name":"wp","href":"https:\/\/api.w.org\/{rel}","templated":true}]}}